{"id":36,"date":"2025-07-28T14:14:37","date_gmt":"2025-07-28T14:14:37","guid":{"rendered":"https:\/\/centrodereconocimientomedicoguillen.com\/?page_id=36"},"modified":"2025-07-28T14:29:54","modified_gmt":"2025-07-28T14:29:54","slug":"__trashed","status":"publish","type":"page","link":"https:\/\/centrodereconocimientomedicoguillen.com\/?page_id=36","title":{"rendered":"Servicios"},"content":{"rendered":"<p>[et_pb_section fb_built=\u00bb1&#8243; _builder_version=\u00bb4.27.4&#8243; _module_preset=\u00bbdefault\u00bb global_colors_info=\u00bb{}\u00bb][et_pb_row _builder_version=\u00bb4.27.4&#8243; _module_preset=\u00bbdefault\u00bb global_colors_info=\u00bb{}\u00bb][et_pb_column type=\u00bb4_4&#8243; _builder_version=\u00bb4.27.4&#8243; _module_preset=\u00bbdefault\u00bb global_colors_info=\u00bb{}\u00bb][et_pb_text _builder_version=\u00bb4.27.4&#8243; _module_preset=\u00bbdefault\u00bb global_colors_info=\u00bb{}\u00bb]<\/p>\n<h2 style=\"text-align: center;\">Servicios ofrecidos por el Centro de Reconocimiento Guill\u00e9n<\/h2>\n<p class=\"first:mt-1.5\">El Centro de Reconocimiento Guill\u00e9n realiza evaluaciones m\u00e9dicas y psicol\u00f3gicas necesarias para una variedad de permisos, licencias y certificaciones profesionales. Puedes reservar cita para cualquiera de sus servicios.<\/p>\n<p>[\/et_pb_text][\/et_pb_column][\/et_pb_row][et_pb_row column_structure=\u00bb1_3,1_3,1_3&#8243; _builder_version=\u00bb4.27.4&#8243; _module_preset=\u00bbdefault\u00bb global_colors_info=\u00bb{}\u00bb][et_pb_column type=\u00bb1_3&#8243; _builder_version=\u00bb4.27.4&#8243; _module_preset=\u00bbdefault\u00bb global_colors_info=\u00bb{}\u00bb][et_pb_image src=\u00bbhttps:\/\/centrodereconocimientomedicoguillen.com\/wp-content\/uploads\/2025\/07\/coches.jpeg\u00bb title_text=\u00bbcoches\u00bb align=\u00bbcenter\u00bb _builder_version=\u00bb4.27.4&#8243; _module_preset=\u00bbdefault\u00bb global_colors_info=\u00bb{}\u00bb][\/et_pb_image][et_pb_text _builder_version=\u00bb4.27.4&#8243; _module_preset=\u00bbdefault\u00bb global_colors_info=\u00bb{}\u00bb]<\/p>\n<p class=\"first:mt-1.5\">Puedes renovar tu permiso de conducir hasta tres meses antes de la fecha de vencimiento. No es necesario acudir directamente a la DGT (Tr\u00e1fico). Tras superar el reconocimiento psicot\u00e9cnico y abonar las tasas oficiales de la DGT (sin coste adicional), recibir\u00e1s un permiso provisional v\u00e1lido por 90 d\u00edas dentro de Espa\u00f1a. Durante este periodo, la DGT enviar\u00e1 tu nuevo carnet a tu domicilio.<\/p>\n<p class=\"first:mt-1.5\">Precio: 35\u202f\u20ac para expediciones y recuperaciones, 60\u202f\u20ac para renovaciones.<\/p>\n<p class=\"first:mt-1.5\">Documentaci\u00f3n necesaria: DNI o NIE.<\/p>\n<p>[\/et_pb_text][\/et_pb_column][et_pb_column type=\u00bb1_3&#8243; _builder_version=\u00bb4.27.4&#8243; _module_preset=\u00bbdefault\u00bb global_colors_info=\u00bb{}\u00bb][et_pb_image src=\u00bbhttps:\/\/centrodereconocimientomedicoguillen.com\/wp-content\/uploads\/2025\/07\/nautica.jpeg\u00bb title_text=\u00bbnautica\u00bb align=\u00bbcenter\u00bb _builder_version=\u00bb4.27.4&#8243; _module_preset=\u00bbdefault\u00bb global_colors_info=\u00bb{}\u00bb][\/et_pb_image][et_pb_text _builder_version=\u00bb4.27.4&#8243; _module_preset=\u00bbdefault\u00bb global_colors_info=\u00bb{}\u00bb]<\/p>\n<p class=\"first:mt-1.5\"><strong class=\"\">T\u00edtulos N\u00e1uticos<\/strong><br \/>Ofrecen certificados m\u00e9dicos para la obtenci\u00f3n o renovaci\u00f3n de diferentes licencias de embarcaciones de recreo, incluyendo:<\/p>\n<ul class=\"list-disc\">\n<li class=\"ml-4\">Licencia de navegaci\u00f3n (Titul\u00edn)<\/li>\n<li class=\"ml-4\">PNB (Patr\u00f3n de Navegaci\u00f3n B\u00e1sica)<\/li>\n<li class=\"ml-4\">PER (Patr\u00f3n de Embarcaci\u00f3n de Recreo)<\/li>\n<li class=\"ml-4\">Patr\u00f3n de Yate<\/li>\n<li class=\"ml-4\">Capit\u00e1n de Yate<\/li>\n<\/ul>\n<p class=\"first:mt-1.5\">Precio: 35\u202f\u20ac<\/p>\n<p class=\"first:mt-1.5\">Documentaci\u00f3n necesaria: DNI, NIE o Pasaporte en vigor.<\/p>\n<p class=\"first:mt-1.5\">\n<p>[\/et_pb_text][\/et_pb_column][et_pb_column type=\u00bb1_3&#8243; _builder_version=\u00bb4.27.4&#8243; _module_preset=\u00bbdefault\u00bb global_colors_info=\u00bb{}\u00bb][et_pb_image src=\u00bbhttps:\/\/centrodereconocimientomedicoguillen.com\/wp-content\/uploads\/2025\/07\/armas-1.jpeg\u00bb _builder_version=\u00bb4.27.4&#8243; _module_preset=\u00bbdefault\u00bb hover_enabled=\u00bb0&#8243; global_colors_info=\u00bb{}\u00bb sticky_enabled=\u00bb0&#8243; title_text=\u00bbarmas\u00bb align=\u00bbcenter\u00bb][\/et_pb_image][et_pb_text _builder_version=\u00bb4.27.4&#8243; _module_preset=\u00bbdefault\u00bb hover_enabled=\u00bb0&#8243; global_colors_info=\u00bb{}\u00bb sticky_enabled=\u00bb0&#8243;]<\/p>\n<p class=\"first:mt-1.5\"><strong class=\"\">Licencia de Armas<\/strong><br \/>Realizan los reconocimientos m\u00e9dicos necesarios para la obtenci\u00f3n y renovaci\u00f3n de licencias de armas para caza y deporte. El examen eval\u00faa el estado f\u00edsico y mental del solicitante. El servicio incluye fotograf\u00eda.<\/p>\n<p class=\"first:mt-1.5\">Este reconocimiento es necesario para:<\/p>\n<ul class=\"list-disc\">\n<li class=\"ml-4\">Cazadores<\/li>\n<li class=\"ml-4\">Vigilantes de seguridad armados<\/li>\n<li class=\"ml-4\">Guardas rurales<\/li>\n<li class=\"ml-4\">Personas con armas para defensa personal<\/li>\n<li class=\"ml-4\">Tiro deportivo<\/li>\n<li class=\"ml-4\">Armas antiguas e hist\u00f3ricas (avancarga)<\/li>\n<li class=\"ml-4\">Licencia AEM (autorizaci\u00f3n especial para menores de 14 a 18 a\u00f1os)<\/li>\n<\/ul>\n<p class=\"first:mt-1.5\">Precio: 35\u202f\u20ac<\/p>\n<p class=\"first:mt-1.5\">Documentaci\u00f3n necesaria: DNI o NIE.<\/p>\n<p>[\/et_pb_text][\/et_pb_column][\/et_pb_row][et_pb_row column_structure=\u00bb1_4,1_4,1_4,1_4&#8243; _builder_version=\u00bb4.27.4&#8243; _module_preset=\u00bbdefault\u00bb global_colors_info=\u00bb{}\u00bb][et_pb_column type=\u00bb1_4&#8243; _builder_version=\u00bb4.27.4&#8243; _module_preset=\u00bbdefault\u00bb global_colors_info=\u00bb{}\u00bb][et_pb_image src=\u00bbhttps:\/\/centrodereconocimientomedicoguillen.com\/wp-content\/uploads\/2025\/07\/perros-1.jpeg\u00bb _builder_version=\u00bb4.27.4&#8243; _module_preset=\u00bbdefault\u00bb hover_enabled=\u00bb0&#8243; global_colors_info=\u00bb{}\u00bb title_text=\u00bbperros\u00bb align=\u00bbcenter\u00bb sticky_enabled=\u00bb0&#8243;][\/et_pb_image][et_pb_text _builder_version=\u00bb4.27.4&#8243; _module_preset=\u00bbdefault\u00bb global_colors_info=\u00bb{}\u00bb]<\/p>\n<p class=\"first:mt-1.5\"><strong class=\"\">Licencia para Animales Potencialmente Peligrosos<\/strong><br \/>Para poseer un animal potencialmente peligroso, se requiere una licencia administrativa del ayuntamiento. El Centro de Reconocimiento Guill\u00e9n puede emitir el certificado m\u00e9dico necesario que acredite tu aptitud f\u00edsica y psicol\u00f3gica. Incluye fotograf\u00eda.<\/p>\n<p class=\"first:mt-1.5\">Requisitos:<\/p>\n<ul class=\"list-disc\">\n<li class=\"ml-4\">Ser mayor de edad.<\/li>\n<li class=\"ml-4\">No tener antecedentes penales (se requiere certificado de antecedentes penales y declaraci\u00f3n jurada de no haber sido sancionado seg\u00fan la ley correspondiente).<\/li>\n<li class=\"ml-4\">Capacidad f\u00edsica y psicol\u00f3gica (certificada por ellos).<\/li>\n<li class=\"ml-4\">Seguro de responsabilidad civil por da\u00f1os a terceros.<\/li>\n<\/ul>\n<p class=\"first:mt-1.5\">Razas de perros potencialmente peligrosos (mayores de tres meses):<\/p>\n<p class=\"first:mt-1.5\">American Staffordshire Terrier, Staffordshire Bull Terrier, Perro de Presa Mallorqu\u00edn, Fila Brasile\u00f1o, Perro de Presa Canario, Bullmastiff, American Pitbull Terrier, Rottweiler, Bull Terrier, Dogo de Burdeos, Tosa Inu, Dogo Argentino, Doberman, Mast\u00edn Napolitano y cruces de estos con tipolog\u00eda similar.<\/p>\n<p class=\"first:mt-1.5\">Tambi\u00e9n animales agresivos que hayan mordido a personas o animales (debidamente notificado o demostrable) y perros adiestrados para el ataque.<\/p>\n<p class=\"first:mt-1.5\">Precio: 35\u202f\u20ac<\/p>\n<p class=\"first:mt-1.5\">Documentaci\u00f3n necesaria: DNI o NIE.<\/p>\n<p>[\/et_pb_text][\/et_pb_column][et_pb_column type=\u00bb1_4&#8243; _builder_version=\u00bb4.27.4&#8243; _module_preset=\u00bbdefault\u00bb global_colors_info=\u00bb{}\u00bb][et_pb_image src=\u00bbhttps:\/\/centrodereconocimientomedicoguillen.com\/wp-content\/uploads\/2025\/07\/gruas-1.jpeg\u00bb _builder_version=\u00bb4.27.4&#8243; _module_preset=\u00bbdefault\u00bb hover_enabled=\u00bb0&#8243; global_colors_info=\u00bb{}\u00bb title_text=\u00bbgruas\u00bb align=\u00bbcenter\u00bb sticky_enabled=\u00bb0&#8243;][\/et_pb_image][et_pb_text _builder_version=\u00bb4.27.4&#8243; _module_preset=\u00bbdefault\u00bb global_colors_info=\u00bb{}\u00bb]<\/p>\n<p class=\"first:mt-1.5\"><strong class=\"\">Licencias de Operador de Gr\u00faas<\/strong><br \/>Para la obtenci\u00f3n o renovaci\u00f3n de licencias de operador de gr\u00faas fijas y m\u00f3viles, se requiere un reconocimiento m\u00e9dico que eval\u00fae la agudeza visual, sentido de la orientaci\u00f3n, equilibrio, agudeza auditiva y aptitud psicol\u00f3gica. Son centro m\u00e9dico oficial acreditado para estas pruebas psicof\u00edsicas.<\/p>\n<p class=\"first:mt-1.5\">Precio: 35\u202f\u20ac<\/p>\n<p class=\"first:mt-1.5\">Documentaci\u00f3n necesaria: DNI o NIE.<\/p>\n<p>[\/et_pb_text][\/et_pb_column][et_pb_column type=\u00bb1_4&#8243; _builder_version=\u00bb4.27.4&#8243; _module_preset=\u00bbdefault\u00bb global_colors_info=\u00bb{}\u00bb][et_pb_image src=\u00bbhttps:\/\/centrodereconocimientomedicoguillen.com\/wp-content\/uploads\/2025\/07\/seguridad.jpeg\u00bb _builder_version=\u00bb4.27.4&#8243; _module_preset=\u00bbdefault\u00bb global_colors_info=\u00bb{}\u00bb title_text=\u00bbseguridad\u00bb align=\u00bbcenter\u00bb][\/et_pb_image][et_pb_text _builder_version=\u00bb4.27.4&#8243; _module_preset=\u00bbdefault\u00bb global_colors_info=\u00bb{}\u00bb]<\/p>\n<p class=\"first:mt-1.5\"><strong class=\"\">Seguridad Privada<\/strong><br \/>La ley exige que los vigilantes de seguridad privada y guardas rurales posean la aptitud f\u00edsica y psicol\u00f3gica necesaria para sus funciones, tanto para la obtenci\u00f3n de la autorizaci\u00f3n como para el desempe\u00f1o del servicio. Este reconocimiento tiene como objetivo prevenir situaciones de riesgo mediante evaluaciones m\u00e9dicas y psicol\u00f3gicas.<\/p>\n<p class=\"first:mt-1.5\">Precio: 35\u202f\u20ac<\/p>\n<p class=\"first:mt-1.5\">Documentaci\u00f3n necesaria: DNI o NIE.<\/p>\n<p>[\/et_pb_text][\/et_pb_column][et_pb_column type=\u00bb1_4&#8243; _builder_version=\u00bb4.27.4&#8243; _module_preset=\u00bbdefault\u00bb global_colors_info=\u00bb{}\u00bb][et_pb_image src=\u00bbhttps:\/\/centrodereconocimientomedicoguillen.com\/wp-content\/uploads\/2025\/07\/medico.jpeg\u00bb _builder_version=\u00bb4.27.4&#8243; _module_preset=\u00bbdefault\u00bb hover_enabled=\u00bb0&#8243; global_colors_info=\u00bb{}\u00bb title_text=\u00bbmedico\u00bb sticky_enabled=\u00bb0&#8243;][\/et_pb_image][et_pb_text _builder_version=\u00bb4.27.4&#8243; _module_preset=\u00bbdefault\u00bb global_colors_info=\u00bb{}\u00bb]<\/p>\n<p class=\"first:mt-1.5\"><strong class=\"\">Otros Certificados<\/strong><br \/>Tambi\u00e9n ofrecen certificados m\u00e9dicos de aptitud f\u00edsica para:<\/p>\n<ul class=\"list-disc\">\n<li class=\"ml-4\">Vigilantes de seguridad<\/li>\n<li class=\"ml-4\">Polic\u00eda Local y Nacional<\/li>\n<li class=\"ml-4\">Otras oposiciones<\/li>\n<li class=\"ml-4\">Contratos de trabajo<\/li>\n<\/ul>\n<p>[\/et_pb_text][\/et_pb_column][\/et_pb_row][\/et_pb_section]<\/p>\n","protected":false},"excerpt":{"rendered":"<p>Servicios ofrecidos por el Centro de Reconocimiento Guill\u00e9n El Centro de Reconocimiento Guill\u00e9n realiza evaluaciones m\u00e9dicas y psicol\u00f3gicas necesarias para una variedad de permisos, licencias y certificaciones profesionales. Puedes reservar cita para cualquiera de sus servicios.Puedes renovar tu permiso de conducir hasta tres meses antes de la fecha de vencimiento. No es necesario acudir directamente [&hellip;]<\/p>\n","protected":false},"author":1,"featured_media":0,"parent":0,"menu_order":0,"comment_status":"closed","ping_status":"closed","template":"","meta":{"_et_pb_use_builder":"on","_et_pb_old_content":"","_et_gb_content_width":"","footnotes":""},"class_list":["post-36","page","type-page","status-publish","hentry"],"_links":{"self":[{"href":"https:\/\/centrodereconocimientomedicoguillen.com\/index.php?rest_route=\/wp\/v2\/pages\/36","targetHints":{"allow":["GET"]}}],"collection":[{"href":"https:\/\/centrodereconocimientomedicoguillen.com\/index.php?rest_route=\/wp\/v2\/pages"}],"about":[{"href":"https:\/\/centrodereconocimientomedicoguillen.com\/index.php?rest_route=\/wp\/v2\/types\/page"}],"author":[{"embeddable":true,"href":"https:\/\/centrodereconocimientomedicoguillen.com\/index.php?rest_route=\/wp\/v2\/users\/1"}],"replies":[{"embeddable":true,"href":"https:\/\/centrodereconocimientomedicoguillen.com\/index.php?rest_route=%2Fwp%2Fv2%2Fcomments&post=36"}],"version-history":[{"count":3,"href":"https:\/\/centrodereconocimientomedicoguillen.com\/index.php?rest_route=\/wp\/v2\/pages\/36\/revisions"}],"predecessor-version":[{"id":41,"href":"https:\/\/centrodereconocimientomedicoguillen.com\/index.php?rest_route=\/wp\/v2\/pages\/36\/revisions\/41"}],"wp:attachment":[{"href":"https:\/\/centrodereconocimientomedicoguillen.com\/index.php?rest_route=%2Fwp%2Fv2%2Fmedia&parent=36"}],"curies":[{"name":"wp","href":"https:\/\/api.w.org\/{rel}","templated":true}]}}